{"id":664,"date":"2015-02-03T16:32:20","date_gmt":"2015-02-03T15:32:20","guid":{"rendered":"http:\/\/paragliding.tcnet.ch\/wp\/en\/?page_id=664"},"modified":"2025-05-13T17:15:37","modified_gmt":"2025-05-13T15:15:37","slug":"286-2","status":"publish","type":"page","link":"https:\/\/www.paragliding-jungfrau.ch\/wp\/286-2\/?lang=de","title":{"rendered":"M\u00fcrrenfall"},"content":{"rendered":"\n<figure class=\"wp-block-image size-large\"><img loading=\"lazy\" decoding=\"async\" width=\"800\" height=\"600\" src=\"https:\/\/www.paragliding-jungfrau.ch\/wp\/wp-content\/uploads\/sites\/2\/2015\/02\/neu20156.jpg\" alt=\"\" class=\"wp-image-446\" srcset=\"https:\/\/www.paragliding-jungfrau.ch\/wp\/wp-content\/uploads\/sites\/2\/2015\/02\/neu20156.jpg 800w, https:\/\/www.paragliding-jungfrau.ch\/wp\/wp-content\/uploads\/sites\/2\/2015\/02\/neu20156-300x225.jpg 300w, https:\/\/www.paragliding-jungfrau.ch\/wp\/wp-content\/uploads\/sites\/2\/2015\/02\/neu20156-200x150.jpg 200w, https:\/\/www.paragliding-jungfrau.ch\/wp\/wp-content\/uploads\/sites\/2\/2015\/02\/neu20156-150x113.jpg 150w\" sizes=\"auto, (max-width: 800px) 100vw, 800px\" \/><\/figure>\n\n\n\n<div style=\"height:30px\" aria-hidden=\"true\" class=\"wp-block-spacer\"><\/div>\n\n\n\n<h3 class=\"wp-block-heading\">M\u00fcrrenfall<\/h3>\n\n\n\n<p><strong>M\u00fcrren -&gt; Stechelberg<\/strong><\/p>\n\n\n\n<p>Hoch \u00fcber dem Talboden, der eindrucksvollen M\u00fcrren-Felswand mit dem 400m hohen M\u00fcrren Wasserfall entlang schweben.<\/p>\n\n\n\n<ul class=\"wp-block-list\">\n<li><strong>Kosten: 200 CHF\u00a0(Gondelfahrt nicht inbegriffen)<\/strong><\/li>\n\n\n\n<li><strong>Foto\/Video Service: 40 CHF (optional) <\/strong><\/li>\n<\/ul>\n\n\n\n<div class=\"wp-block-group is-layout-flow wp-block-group-is-layout-flow\">\n<button class=\"collapsible\"><b>Ablauf<\/b><\/button>\n<div class=\"collapsiblecontent\">\n\n\n\n<p>Wir treffen uns an der Station der Schilthornbahn in M\u00fcrren. Zu Fuss geht\u2019s an den nahegelegenen Startplatz von wo aus wir auf 1700m starten.<\/p>\n\n\n\n<p>Nach einer kurzen Einf\u00fchrung am Startplatz laufen wir zusammen ein paar Schritte den sanften Hang hinunter und schon entschwebst du lautlos mit deinem Piloten in die L\u00fcfte. Wir fliegen entlang der eindrucksvollen M\u00fcrren-Felswand und weiter \u00fcbers Tal mit weiten Blicken bis ins hintere Lauterbrunnental.<\/p>\n\n\n\n<p>Nach der Landung in Stechelberg kannst du dir die Fotos und Videos ansehen die der Pilot w\u00e4hrend des Flugs gemacht hat und f\u00fcr 40 CHF direkt beim Pilot beziehen.<\/p>\n\n\n\n<\/div>\n<\/div>\n\n\n\n<div class=\"wp-block-group is-layout-flow wp-block-group-is-layout-flow\">\n<button class=\"collapsible\" id=\"infos\"><b>Infos<\/b><\/button>\n<div class=\"collapsiblecontent\">\n\n\n\n<ul><li>Fluggebiet: M\u00fcrren &#8211; Stechelberg, 1700 m <\/li><li>Dauer: 90 min (ca. 15 min Flugzeit)<\/li><li id=\"l1\">Treffpunkt: <a href=\"#infos\" onclick=\"showinmap([46.558002, 7.891174,'map'])\"><img decoding=\"async\" src=\"wp-content\/uploads\/sites\/2\/2020\/03\/marker-klein.png\" style=\"padding:3px\">Schilthornbahn M\u00fcrren.<\/a> &Ouml;ffne in <a href=\"https:\/\/maps.app.goo.gl\/NtMQsBvFuJo1oGV38\" target=\"_blank\" rel=\"noopener noreferrer\">GoogleMaps f&uuml;r Routenplanung.<\/a><\/li>\n<li>Bringen Sie mit: Der Witterung angepasste Kleidung, gutes Schuhwerk, Sonnenbrille<\/li><li>Gewicht: Bitte informieren sie uns bei der Buchung falls ihr Gewicht mehr als 100kg oder weniger als 40kg betr\u00e4gt!<\/li><\/ul>\n\n\n\n<div id=\"map\" style=\"left:40px;width:600px;height:300px;display:none;\"><\/div>\n<\/div>\n<script src=\"https:\/\/maps.googleapis.com\/maps\/api\/js?key=AIzaSyA-JRLCHU209uYV-fYZRZrByLpM7U27Chc&amp;callback=initMap&amp;libraries=&amp;v=weekly\" async=\"\"><\/script>\n<\/div>\n\n\n\n<p><\/p>\n\n\n\n<div id=\"left\" class=\"mybooking\">\n<div style=\"margin:10px;padding:10px;padding-left: 0px;color:green\">F\u00fcr Direktbuchung und Last Minute<br>buche direkt per Telefon<br><img decoding=\"async\" src=\"https:\/\/www.paragliding-jungfrau.ch\/wp\/wp-content\/uploads\/sites\/2\/2020\/07\/telefon-1.png\"> +41 79 77 99 000<\/div>\n<div style=\"margin:10px;padding:10px;padding-left: 0px\"><a href=\"https:\/\/api.whatsapp.com\/send?phone=41797799000&amp;text=Hallo%20PGJ,%20ich%20bin%20am%20M\u00fcrrenfall%20Tandemflug%20interessiert%20\" target=\"_blank\" rel=\"noopener noreferrer\" style=\"color:green\">oder Whatsapp Textmessage<br><img decoding=\"async\" src=\"https:\/\/www.paragliding-jungfrau.ch\/wp\/wp-content\/uploads\/sites\/2\/2020\/03\/social-media-icon-_0000s_0012_whatsapp-1.png\"> +41 79 77 99 000<\/a><\/div>\n<div style=\"margin:10px;padding:10px;padding-left: 0px;color:green\"><a href=\"https:\/\/www.paragliding-jungfrau.ch\/wp\/information\/links\/\" target=\"_self\" style=\"color:green\" rel=\"noopener noreferrer\"> oder \u00fcber unsere Buchungsstellen<br>vor Ort<br><img decoding=\"async\" src=\"https:\/\/www.paragliding-jungfrau.ch\/wp\/wp-content\/uploads\/sites\/2\/2020\/07\/reception.png\"><\/a><\/div>\n<div style=\"height:15px\"><\/div><div class=\"wp-block-button\"><a class=\"wp-block-button__link\" href=\"https:\/\/www.paragliding-jungfrau.ch\/wp\/?page_id=1115&amp;lang=de\">Gutschein kaufen<\/a><\/div>\n<\/div>\n\n\n\n<script>\nlet map;\nasync function initMap() {\n  \/\/@ts-ignore\n  const { Map } = await google.maps.importLibrary(\"maps\");\n\n  map = new Map(document.getElementById(\"map\"), {\n    center: { lat: 46.62497, lng: 8.041579 },\n    zoom: 17,\n    mapTypeId: 'hybrid',\n  });\nmap0 = new Map(document.getElementById(\"map0\"), {\n    center: { lat: 46.62497, lng: 8.041579 },\n    zoom: 17,\n    mapTypeId: 'hybrid',\n  });\n}\n\n\n\nfunction showinmap(arguments){\ndocument.getElementById('map').style.display = 'block';\nvar laLatLng = new google.maps.LatLng(arguments[0], arguments[1]);\nvar mapname=arguments[2];\nconsole.log(mapname);\nconst map = new google.maps.Map(document.getElementById(mapname), {zoom: 17,mapTypeId: 'hybrid'});\nconst marker = new google.maps.Marker({position: laLatLng,map: map,});\nmap.setCenter(laLatLng);\n}\nfunction routeinmap(input){\ninput=encodeURI(input);\nwindow.open(input,\"Route to walk\");\n}\n\ndocument.addEventListener ('scroll',function () {\nif(document.getElementsByName(\"showinmap\").length >0){\nvar str = document.getElementsByName(\"showinmap\").item(0).parentElement.style.top;\nvar Nstr = Number(str.substring(0, str.length-2));\nvar yos = window.pageYOffset;\nvar divh = document.getElementsByName('showinmap').item(0).parentElement.clientHeight;\nvar c = document.getElementById('content').clientHeight;\nvar h = document.getElementById('masthead').clientHeight;\nvar t = 240;\nvar e = c-((t-h)+divh+yos);\nif(e <0){\nvar newy = t+e;\ndocument.getElementsByName('showinmap').item(0).parentElement.style.top = newy+\"px\";\n}else{\ndocument.getElementsByName('showinmap').item(0).parentElement.style.top = t+\"px\";}\n}\n});\n<\/script>\n<script async=\"\" src=\"https:\/\/maps.googleapis.com\/maps\/api\/js?key=AIzaSyA_jittxAPn-ZYAgO_tOwwZxXlR2e8DdG4&amp;callback=initMap\">\n<\/script>\n\n\n\n<script>\nvar coll = document.getElementsByClassName(\"collapsible\");\nvar i;\n\nfor (i = 0; i < coll.length; i++) {\n  coll[i].addEventListener(\"click\", function() {\n    this.classList.toggle(\"active\");\n    var content = this.nextElementSibling;\n    if (content.style.maxHeight){\n      content.style.maxHeight = null;\n      document.getElementById(\"showinmap\").innerHTML = '';\n      document.getElementById(\"showinmap0\").innerHTML = '';\n    } else {\n      content.style.maxHeight = (content.scrollHeight+420) + \"px\";\n    } \n  });\n}\n<\/script>\n\n\n\n<p><\/p>\n\n\n\n<script>\n\/\/document.getElementById(\"left\").style.border=\"solid 1px\";\ndocument.addEventListener ('scroll',function () {\nvar str = document.getElementById(\"left\").style.top;\nvar elem = document.getElementById(\"masthead\");\nvar ptop = window.getComputedStyle(elem, null).getPropertyValue(\"padding-top\");\nvar ptop = Number(ptop.substring(0, ptop.length-2));\nvar er = document.getElementById('masthead').style.padding;\nvar Nstr = Number(str.substring(0, str.length-2));\nvar yos = window.pageYOffset;\nvar divh = document.getElementById('left').clientHeight;\nvar c = document.getElementById('content').clientHeight;\n\nvar h = document.getElementById('masthead').clientHeight;\nvar t = 240;\nvar e = c-((t-h)+divh+yos);\n\/\/document.getElementById('error').innerHTML = ptop;\n\/\/document.getElementById('line').style.height = (Nstr+divh)+\"px\";\n\/\/document.getElementById('line2').style.height = (c-yos)+\"px\";\n\/\/document.getElementById('line2').style.top = h+\"px\";\nif(e <0){\nvar newy = t+e;\ndocument.getElementById(\"left\").style.top = newy+\"px\";\n}else{document.getElementById(\"left\").style.top = t+\"px\";}\n});\n<\/script>\n","protected":false},"excerpt":{"rendered":"<p>M\u00fcrrenfall M\u00fcrren -&gt; Stechelberg Hoch \u00fcber dem Talboden, der eindrucksvollen M\u00fcrren-Felswand mit dem 400m hohen M\u00fcrren Wasserfall entlang schweben. Ablauf Wir treffen [&hellip;]<\/p>\n","protected":false},"author":1,"featured_media":303,"parent":0,"menu_order":1,"comment_status":"closed","ping_status":"closed","template":"","meta":{"footnotes":""},"class_list":["post-664","page","type-page","status-publish","has-post-thumbnail","hentry"],"_links":{"self":[{"href":"https:\/\/www.paragliding-jungfrau.ch\/wp\/wp-json\/wp\/v2\/pages\/664","targetHints":{"allow":["GET"]}}],"collection":[{"href":"https:\/\/www.paragliding-jungfrau.ch\/wp\/wp-json\/wp\/v2\/pages"}],"about":[{"href":"https:\/\/www.paragliding-jungfrau.ch\/wp\/wp-json\/wp\/v2\/types\/page"}],"author":[{"embeddable":true,"href":"https:\/\/www.paragliding-jungfrau.ch\/wp\/wp-json\/wp\/v2\/users\/1"}],"replies":[{"embeddable":true,"href":"https:\/\/www.paragliding-jungfrau.ch\/wp\/wp-json\/wp\/v2\/comments?post=664"}],"version-history":[{"count":58,"href":"https:\/\/www.paragliding-jungfrau.ch\/wp\/wp-json\/wp\/v2\/pages\/664\/revisions"}],"predecessor-version":[{"id":12688,"href":"https:\/\/www.paragliding-jungfrau.ch\/wp\/wp-json\/wp\/v2\/pages\/664\/revisions\/12688"}],"wp:featuredmedia":[{"embeddable":true,"href":"https:\/\/www.paragliding-jungfrau.ch\/wp\/wp-json\/wp\/v2\/media\/303"}],"wp:attachment":[{"href":"https:\/\/www.paragliding-jungfrau.ch\/wp\/wp-json\/wp\/v2\/media?parent=664"}],"curies":[{"name":"wp","href":"https:\/\/api.w.org\/{rel}","templated":true}]}}